{"id":62,"date":"2013-02-21T22:01:51","date_gmt":"2013-02-21T22:01:51","guid":{"rendered":"https:\/\/bernardorodrigo.com\/\/?page_id=62"},"modified":"2016-01-24T18:06:36","modified_gmt":"2016-01-24T17:06:36","slug":"sobre-mi","status":"publish","type":"page","link":"https:\/\/bernardorodrigo.com\/?page_id=62","title":{"rendered":"Sobre mi"},"content":{"rendered":"<p>Mi nombre es Bernardo, Valenciano, de Chulilla (chulillano que no chulillo), aunque he hecho alg\u00fan reportaje de la bbc (enti\u00e9ndase reportaje social) no me dedico a esto de captar instantes de forma profesional, sobre todo me dedico al paisaje, muy centrado en el entorno de mi lugar de residencia, aunque no descarto ning\u00fan otro tipo de fotograf\u00eda.<\/p>\n<p>Hasta ahora siempre me guardado las im\u00e1genes para mi mismo, pero ahora he decido comenzar a mostrarlas, y es lo que a trav\u00e9s de esta pagina voy a hacer. Aunque voy a procurar que sean im\u00e1genes nuevas, habr\u00e1 alg\u00fan momento en el que usar\u00e9 el archivo, ya que tambi\u00e9n son mis fotos.<\/p>\n<p>Se agradecen comentarios, y ademas puedes hacer lo que quieras con la im\u00e1genes, con la \u00fanica condici\u00f3n que cites al autor, y la compartas de la misma manera, ya habr\u00e1s visto el enlace a la pagina de Creative Commons, hay alguna excepci\u00f3n a esta regla, si pulsas sobre la imagen iras a la pagina donde est\u00e1n hospedadas, desde all\u00ed las podr\u00e1s descargar, pero si aparece alguna persona en ella f\u00edjate en la licencia, porque es muy posible que tenga reservados los derechos.<\/p>\n<p>Las fotos que veras aqu\u00ed est\u00e1n hechas principalmente con un cuerpo Nikon D300s, y cristales de tamron, nikon y sobre todo sigma.<\/p>\n<p>Si alguna de las fotograf\u00edas te gusta, y la necesitas a mas tama\u00f1o o resoluci\u00f3n, o te interesa entrar en contacto conmigo por cualquier raz\u00f3n, mi correo electr\u00f3nico es info@bernardorodrigo.com<\/p>\n<p>&nbsp;<\/p>\n<p>&nbsp;<\/p>\n","protected":false},"excerpt":{"rendered":"<p>Mi nombre es Bernardo, Valenciano, de Chulilla (chulillano que no chulillo), aunque he hecho alg\u00fan reportaje de la bbc (enti\u00e9ndase reportaje social) no me dedico a esto de captar instantes de forma profesional, sobre todo me dedico al paisaje, muy centrado en el entorno de mi lugar de residencia, aunque no descarto ning\u00fan otro tipo [&hellip;]<\/p>\n","protected":false},"author":1,"featured_media":0,"parent":0,"menu_order":0,"comment_status":"closed","ping_status":"open","template":"full-width.php","meta":{"footnotes":""},"class_list":["post-62","page","type-page","status-publish","hentry"],"_links":{"self":[{"href":"https:\/\/bernardorodrigo.com\/index.php?rest_route=\/wp\/v2\/pages\/62"}],"collection":[{"href":"https:\/\/bernardorodrigo.com\/index.php?rest_route=\/wp\/v2\/pages"}],"about":[{"href":"https:\/\/bernardorodrigo.com\/index.php?rest_route=\/wp\/v2\/types\/page"}],"author":[{"embeddable":true,"href":"https:\/\/bernardorodrigo.com\/index.php?rest_route=\/wp\/v2\/users\/1"}],"replies":[{"embeddable":true,"href":"https:\/\/bernardorodrigo.com\/index.php?rest_route=%2Fwp%2Fv2%2Fcomments&post=62"}],"version-history":[{"count":0,"href":"https:\/\/bernardorodrigo.com\/index.php?rest_route=\/wp\/v2\/pages\/62\/revisions"}],"wp:attachment":[{"href":"https:\/\/bernardorodrigo.com\/index.php?rest_route=%2Fwp%2Fv2%2Fmedia&parent=62"}],"curies":[{"name":"wp","href":"https:\/\/api.w.org\/{rel}","templated":true}]}}