{"id":2,"date":"2013-01-31T19:31:22","date_gmt":"2013-01-31T19:31:22","guid":{"rendered":"https:\/\/bernardorodrigo.com\/\/?page_id=2"},"modified":"2022-12-17T10:58:05","modified_gmt":"2022-12-17T09:58:05","slug":"pagina-ejemplo","status":"publish","type":"page","link":"https:\/\/bernardorodrigo.com\/?page_id=2","title":{"rendered":"Que Utilizo"},"content":{"rendered":"<p>Hace tiempo que me canse\u00a0 de los monopolios y de que para no ser \u00abpirata\u00bb hab\u00eda que pagar por unas licencias de uso abusivas que en mi opini\u00f3n lo \u00fanico que hacen es coartar la libertad del usuario, por lo que busque alternativas y\u00a0 me encontr\u00e9 con el\u00a0 software libre, de forma que mi ordenador funciona con GNU-linux, comenc\u00e9 con un poco de miedo, pues no sabia con que me iba a encontrar en esto de la fotograf\u00eda, pero una vez comienzas a investigar un poco, descubres que hay programas para casi todo, por no decir para todo, yo hasta este momento no he encontrado nada que no pueda hacer con software libre.<\/p>\n<p>Ahora mismo me defiendo con:<\/p>\n<p>Sistema operativo<\/p>\n<p><a href=\"https:\/\/manjaro.org\/\" target=\"_blank\" rel=\"noopener\"><img loading=\"lazy\" decoding=\"async\" class=\"aligncenter wp-image-2934\" src=\"https:\/\/bernardorodrigo.com\/wp-content\/uploads\/2022\/12\/block-logo.b2f8f38599a5-577x700.jpg\" alt=\"\" width=\"105\" height=\"127\" srcset=\"https:\/\/bernardorodrigo.com\/wp-content\/uploads\/2022\/12\/block-logo.b2f8f38599a5-577x700.jpg 577w, https:\/\/bernardorodrigo.com\/wp-content\/uploads\/2022\/12\/block-logo.b2f8f38599a5-843x1024.jpg 843w, https:\/\/bernardorodrigo.com\/wp-content\/uploads\/2022\/12\/block-logo.b2f8f38599a5-768x932.jpg 768w, https:\/\/bernardorodrigo.com\/wp-content\/uploads\/2022\/12\/block-logo.b2f8f38599a5-1265x1536.jpg 1265w, https:\/\/bernardorodrigo.com\/wp-content\/uploads\/2022\/12\/block-logo.b2f8f38599a5.jpg 1280w\" sizes=\"(max-width: 105px) 100vw, 105px\" \/><\/a><\/p>\n<p>Procesador de raws y biblioteca de fotograf\u00edas<\/p>\n<p style=\"text-align: center;\"><a href=\"http:\/\/www.darktable.org\" target=\"_blank\" rel=\"noopener\"><img loading=\"lazy\" decoding=\"async\" class=\"aligncenter\" src=\"https:\/\/bernardorodrigo.com\/\/wp-content\/uploads\/darktable.png\" alt=\"\" width=\"357\" height=\"63\" \/><\/a><\/p>\n<p>Para aparonamizar:<\/p>\n<p style=\"text-align: center;\"><a href=\"http:\/\/hugin.sourceforge.net\/\" target=\"_blank\" rel=\"noopener\"><img loading=\"lazy\" decoding=\"async\" class=\"aligncenter\" src=\"https:\/\/bernardorodrigo.com\/\/wp-content\/uploads\/hugin.png\" alt=\"\" width=\"361\" height=\"61\" \/><\/a><\/p>\n<p>Creador de hdrs:<\/p>\n<p style=\"text-align: center;\"><a href=\"http:\/\/qtpfsgui.sourceforge.net\/\" target=\"_blank\" rel=\"noopener\"><img loading=\"lazy\" decoding=\"async\" class=\"aligncenter\" src=\"https:\/\/bernardorodrigo.com\/\/wp-content\/uploads\/luminance.png\" alt=\"\" width=\"370\" height=\"37\" \/><\/a><\/p>\n<p>Retoque:<\/p>\n<p style=\"text-align: center;\"><a href=\"http:\/\/www.gimp.org\/\" target=\"_blank\" rel=\"noopener\"><img loading=\"lazy\" decoding=\"async\" class=\"aligncenter\" src=\"https:\/\/bernardorodrigo.com\/\/wp-content\/uploads\/Thegimp.png\" alt=\"\" width=\"265\" height=\"45\" \/><\/a><\/p>\n<p>Como visor r\u00e1pido:<\/p>\n<p style=\"text-align: center;\"><a href=\"http:\/\/geeqie.sourceforge.net\/\" target=\"_blank\" rel=\"noopener\"><img loading=\"lazy\" decoding=\"async\" class=\"aligncenter\" src=\"https:\/\/bernardorodrigo.com\/\/wp-content\/uploads\/geequi.png\" alt=\"\" width=\"272\" height=\"51\" \/><\/a><\/p>\n<p>Para convertir entre formatos:<\/p>\n<p style=\"text-align: center;\"><a href=\"http:\/\/converseen.sourceforge.net\/\" target=\"_blank\" rel=\"noopener\"><img loading=\"lazy\" decoding=\"async\" class=\"aligncenter\" src=\"https:\/\/bernardorodrigo.com\/\/wp-content\/uploads\/converseen.png\" alt=\"\" width=\"301\" height=\"44\" \/><\/a><\/p>\n<p>Para descargar las tarjetas y dar nombres a las fotos:<\/p>\n<p style=\"text-align: center;\"><a href=\"http:\/\/www.damonlynch.net\/rapid\/\" target=\"_blank\" rel=\"noopener\"><img loading=\"lazy\" decoding=\"async\" class=\"aligncenter\" src=\"https:\/\/bernardorodrigo.com\/\/wp-content\/uploads\/Rapid.png\" alt=\"\" width=\"385\" height=\"46\" \/><\/a><\/p>\n<p>Y no menos importante, para calibrar y perfilar el monitor:<\/p>\n<p style=\"text-align: center;\"><a href=\"http:\/\/dispcalgui.hoech.net\/\" target=\"_blank\" rel=\"noopener\"><img loading=\"lazy\" decoding=\"async\" class=\"aligncenter\" src=\"https:\/\/bernardorodrigo.com\/\/wp-content\/uploads\/dispcalGUi.png\" alt=\"\" width=\"280\" height=\"35\" \/><\/a><\/p>\n<p>Me dejo algunos que use al principio o he probado como son Ufraw,\u00a0 Rawtherapee o Photivo.<\/p>\n","protected":false},"excerpt":{"rendered":"<p>Hace tiempo que me canse\u00a0 de los monopolios y de que para no ser \u00abpirata\u00bb hab\u00eda que pagar por unas licencias de uso abusivas que en mi opini\u00f3n lo \u00fanico que hacen es coartar la libertad del usuario, por lo que busque alternativas y\u00a0 me encontr\u00e9 con el\u00a0 software libre, de forma que mi ordenador [&hellip;]<\/p>\n","protected":false},"author":1,"featured_media":0,"parent":0,"menu_order":0,"comment_status":"closed","ping_status":"open","template":"full-width.php","meta":{"footnotes":""},"class_list":["post-2","page","type-page","status-publish","hentry"],"_links":{"self":[{"href":"https:\/\/bernardorodrigo.com\/index.php?rest_route=\/wp\/v2\/pages\/2"}],"collection":[{"href":"https:\/\/bernardorodrigo.com\/index.php?rest_route=\/wp\/v2\/pages"}],"about":[{"href":"https:\/\/bernardorodrigo.com\/index.php?rest_route=\/wp\/v2\/types\/page"}],"author":[{"embeddable":true,"href":"https:\/\/bernardorodrigo.com\/index.php?rest_route=\/wp\/v2\/users\/1"}],"replies":[{"embeddable":true,"href":"https:\/\/bernardorodrigo.com\/index.php?rest_route=%2Fwp%2Fv2%2Fcomments&post=2"}],"version-history":[{"count":5,"href":"https:\/\/bernardorodrigo.com\/index.php?rest_route=\/wp\/v2\/pages\/2\/revisions"}],"predecessor-version":[{"id":2942,"href":"https:\/\/bernardorodrigo.com\/index.php?rest_route=\/wp\/v2\/pages\/2\/revisions\/2942"}],"wp:attachment":[{"href":"https:\/\/bernardorodrigo.com\/index.php?rest_route=%2Fwp%2Fv2%2Fmedia&parent=2"}],"curies":[{"name":"wp","href":"https:\/\/api.w.org\/{rel}","templated":true}]}}